{"id":1527,"date":"2025-04-30T07:33:18","date_gmt":"2025-04-30T07:33:18","guid":{"rendered":"https:\/\/vetmigo.flywheelsites.com\/?page_id=1527"},"modified":"2026-02-20T10:09:32","modified_gmt":"2026-02-20T10:09:32","slug":"lediga-jobb","status":"publish","type":"page","link":"https:\/\/vetmigo.se\/en\/lediga-jobb\/","title":{"rendered":"Job openings"},"content":{"rendered":"<div class=\"wp-block-uagb-container uagb-layout-grid uagb-block-814e0cb6 alignfull uagb-is-root-container\"><div class=\"uagb-container-inner-blocks-wrap\">\n<div class=\"wp-block-uagb-container uagb-block-3d7621a2\">\n<div class=\"wp-block-uagb-info-box uagb-block-629ef151 uagb-infobox__content-wrap  uagb-infobox-icon-above-title uagb-infobox-image-valign-top animated fadeIn delay-100ms\"><div class=\"uagb-ifb-content\"><div class=\"uagb-ifb-image-content\"><img decoding=\"async\" data-src=\"https:\/\/vetmigo.se\/wp-content\/uploads\/2025\/03\/2891546-bc8e71d9.png\" alt=\"\" width=\"40\" height=\"40\" src=\"data:image\/svg+xml;base64,PHN2ZyB3aWR0aD0iMSIgaGVpZ2h0PSIxIiB4bWxucz0iaHR0cDovL3d3dy53My5vcmcvMjAwMC9zdmciPjwvc3ZnPg==\" class=\"lazyload\" style=\"--smush-placeholder-width: 40px; --smush-placeholder-aspect-ratio: 40\/40;\" \/><\/div><div class=\"uagb-ifb-title-wrap\"><\/div><\/div><\/div>\n\n\n\n<div class=\"wp-block-uagb-advanced-heading uagb-block-9db3f63c animated fadeIn delay-100ms\" id=\"lediga-jobb\"><h1 class=\"uagb-heading-text\"><strong class=\"\">Job openings<\/strong><\/h1><\/div>\n\n\n\n<script src=\"https:\/\/scripts.teamtailor-cdn.com\/widgets\/eu-pink\/jobs.js\" async charset=\"utf-8\"><\/script><div class=\"teamtailor-jobs-widget\" data-teamtailor-limit=\"20\" data-teamtailor-api-key=\"tr4ilkcx6tDESRwdFbmq9gmGoGEotU1u1aVCq2U4\"><\/div>\n<\/div>\n\n\n\n<div class=\"wp-block-uagb-container uagb-block-5831f70d\">\n<div class=\"wp-block-uagb-container animated slideInUp uagb-block-29719c58\">\n<div class=\"wp-block-uagb-info-box uagb-block-a4d3e632 uagb-infobox__content-wrap  uagb-infobox-icon-above-title uagb-infobox-image-valign-top wp-block-uagb-info-box--has-margin\"><div class=\"uagb-infobox-margin-wrapper\"><div class=\"uagb-ifb-content\"><div class=\"uagb-ifb-image-content\"><img decoding=\"async\" data-src=\"https:\/\/vetmigo.se\/wp-content\/uploads\/2025\/03\/909263-e09b1cca.png\" alt=\"\" width=\"50\" height=\"50\" src=\"data:image\/svg+xml;base64,PHN2ZyB3aWR0aD0iMSIgaGVpZ2h0PSIxIiB4bWxucz0iaHR0cDovL3d3dy53My5vcmcvMjAwMC9zdmciPjwvc3ZnPg==\" class=\"lazyload\" style=\"--smush-placeholder-width: 50px; --smush-placeholder-aspect-ratio: 50\/50;\" \/><\/div><div class=\"uagb-ifb-title-wrap\"><span class=\"uagb-ifb-title-prefix\"><strong class=\"\">Submit your CV and let us find a job for you!<\/strong><\/span><\/div><div class=\"uagb-ifb-button-wrapper wp-block-button\"><a href=\"https:\/\/vetmigo.teamtailor.com\/en-GB\/connect\" class=\"uagb-infobox-cta-link wp-block-button__link\" target=\"_self\" rel=\"noopener noreferrer\" onclick=\"return true;\"><span class=\"uagb-inline-editing\">Connect with us<\/span><\/a><\/div><\/div><\/div><\/div>\n<\/div>\n\n\n\n<div class=\"wp-block-uagb-container animated slideInUp uagb-block-dd210ef0\">\n<div class=\"wp-block-uagb-info-box uagb-block-cb51f820 uagb-infobox__content-wrap  uagb-infobox-icon-above-title uagb-infobox-image-valign-top wp-block-uagb-info-box--has-margin\"><div class=\"uagb-infobox-margin-wrapper\"><div class=\"uagb-ifb-content\"><div class=\"uagb-ifb-image-content\"><img decoding=\"async\" data-src=\"https:\/\/vetmigo.se\/wp-content\/uploads\/2025\/03\/909263-e09b1cca.png\" alt=\"\" width=\"50\" height=\"50\" src=\"data:image\/svg+xml;base64,PHN2ZyB3aWR0aD0iMSIgaGVpZ2h0PSIxIiB4bWxucz0iaHR0cDovL3d3dy53My5vcmcvMjAwMC9zdmciPjwvc3ZnPg==\" class=\"lazyload\" style=\"--smush-placeholder-width: 50px; --smush-placeholder-aspect-ratio: 50\/50;\" \/><\/div><div class=\"uagb-ifb-title-wrap\"><span class=\"uagb-ifb-title-prefix\"><strong class=\"\">Why you should submit your CV to Vetmigo<\/strong><\/span><\/div><p class=\"uagb-ifb-desc\">Whether you are curious about future opportunities, looking for an internship as a student or actively looking for a new job - at Vetmigo you are always welcome to submit your CV. <br><br>We collaborate with many clinics and employers in animal healthcare and are constantly looking for new talent.<br><br>When you submit your CV to us, you will automatically receive information about available positions that match your profile. <br><br>You don&#039;t have to keep track yourself \u2013 we&#039;ll contact you when the right opportunity arises. Let us help you find your next career step!<\/p><div class=\"uagb-ifb-button-wrapper wp-block-button\"><a href=\"https:\/\/vetmigo.teamtailor.com\/en-GB\/connect\" class=\"uagb-infobox-cta-link wp-block-button__link\" target=\"_self\" rel=\"noopener noreferrer\" onclick=\"return true;\"><span class=\"uagb-inline-editing\">Connect with us<\/span><\/a><\/div><\/div><\/div><\/div>\n<\/div>\n\n\n\n<div class=\"wp-block-uagb-container uagb-block-39b65241 alignfull uagb-is-root-container\"><div class=\"uagb-container-inner-blocks-wrap\">\n<div class=\"wp-block-uagb-advanced-heading uagb-block-37d79c91 animated fadeIn delay-100ms\"><h2 class=\"uagb-heading-text\"><strong>Explore career opportunities with us<\/strong><\/h2><p class=\"uagb-desc-text\">We are constantly looking for committed and competent employees who want to join us and make a difference. Here you will find our current vacancies \u2013 but even if you don&#039;t see anything that suits you right now, you are welcome to submit a spontaneous application.<br><br>Not all of our jobs are advertised. In many cases, we start by searching our CV database directly for the right person for the role. By registering your CV with us, you increase your chances of being matched with future opportunities.<\/p><\/div>\n\n\n\n<div class=\"wp-block-uagb-buttons uagb-buttons__outer-wrap uagb-btn__default-btn uagb-btn-tablet__default-btn uagb-btn-mobile__default-btn uagb-block-c99d364e\"><div class=\"uagb-buttons__wrap uagb-buttons-layout-wrap\">\n<div class=\"wp-block-uagb-buttons-child uagb-buttons__outer-wrap uagb-block-de5fbcb3 wp-block-button\"><div class=\"uagb-button__wrapper\"><a class=\"uagb-buttons-repeater wp-block-button__link\" aria-label=\"\" href=\"https:\/\/vetmigo.teamtailor.com\/en-GB\/connect\" rel=\"follow noopener\" target=\"_self\" role=\"button\"><div class=\"uagb-button__link\">Connect with us<\/div><\/a><\/div><\/div>\n<\/div><\/div>\n<\/div><\/div>\n<\/div>\n<\/div><\/div>","protected":false},"excerpt":{"rendered":"<p>Lediga jobb Utforska karri\u00e4rm\u00f6jligheter hos oss Vi s\u00f6ker st\u00e4ndigt efter engagerade och kompetenta medarbetare som vill vara med och g\u00f6ra [&hellip;]<\/p>\n","protected":false},"author":2,"featured_media":10,"parent":0,"menu_order":0,"comment_status":"closed","ping_status":"closed","template":"","meta":{"_uag_custom_page_level_css":".teamtailor-jobs-widget a {\n  font-weight: bold !important;\n}","site-sidebar-layout":"no-sidebar","site-content-layout":"plain-container","ast-site-content-layout":"","site-content-style":"default","site-sidebar-style":"default","ast-global-header-display":"","ast-banner-title-visibility":"","ast-main-header-display":"","ast-hfb-above-header-display":"","ast-hfb-below-header-display":"","ast-hfb-mobile-header-display":"","site-post-title":"disabled","ast-breadcrumbs-content":"","ast-featured-img":"disabled","footer-sml-layout":"","ast-disable-related-posts":"","theme-transparent-header-meta":"enabled","adv-header-id-meta":"","stick-header-meta":"","header-above-stick-meta":"","header-main-stick-meta":"","header-below-stick-meta":"","astra-migrate-meta-layouts":"default","ast-page-background-enabled":"default","ast-page-background-meta":{"desktop":{"background-color":"var(--ast-global-color-5)","background-image":"","background-repeat":"repeat","background-position":"center center","background-size":"auto","background-attachment":"scroll","background-type":"","background-media":"","overlay-type":"","overlay-color":"","overlay-opacity":"","overlay-gradient":""},"tablet":{"background-color":"","background-image":"","background-repeat":"repeat","background-position":"center center","background-size":"auto","background-attachment":"scroll","background-type":"","background-media":"","overlay-type":"","overlay-color":"","overlay-opacity":"","overlay-gradient":""},"mobile":{"background-color":"","background-image":"","background-repeat":"repeat","background-position":"center center","background-size":"auto","background-attachment":"scroll","background-type":"","background-media":"","overlay-type":"","overlay-color":"","overlay-opacity":"","overlay-gradient":""}},"ast-content-background-meta":{"desktop":{"background-color":"var(--ast-global-color-4)","background-image":"","background-repeat":"repeat","background-position":"center center","background-size":"auto","background-attachment":"scroll","background-type":"","background-media":"","overlay-type":"","overlay-color":"","overlay-opacity":"","overlay-gradient":""},"tablet":{"background-color":"var(--ast-global-color-4)","background-image":"","background-repeat":"repeat","background-position":"center center","background-size":"auto","background-attachment":"scroll","background-type":"","background-media":"","overlay-type":"","overlay-color":"","overlay-opacity":"","overlay-gradient":""},"mobile":{"background-color":"var(--ast-global-color-4)","background-image":"","background-repeat":"repeat","background-position":"center center","background-size":"auto","background-attachment":"scroll","background-type":"","background-media":"","overlay-type":"","overlay-color":"","overlay-opacity":"","overlay-gradient":""}},"footnotes":""},"class_list":["post-1527","page","type-page","status-publish","has-post-thumbnail","hentry"],"yoast_head":"<!-- This site is optimized with the Yoast SEO plugin v27.3 - https:\/\/yoast.com\/product\/yoast-seo-wordpress\/ -->\n<title>Vetmigo - Lediga tj\u00e4nster inom djursjukv\u00e5rd<\/title>\n<meta name=\"description\" content=\"S\u00f6k lediga jobb inom djursjukv\u00e5rden eller skicka in en spontanans\u00f6kan och bli matchad med framtida tj\u00e4nster.\" \/>\n<meta name=\"robots\" content=\"index, follow, max-snippet:-1, max-image-preview:large, max-video-preview:-1\" \/>\n<link rel=\"canonical\" href=\"https:\/\/vetmigo.se\/en\/lediga-jobb\/\" \/>\n<meta property=\"og:locale\" content=\"en_GB\" \/>\n<meta property=\"og:type\" content=\"article\" \/>\n<meta property=\"og:title\" content=\"Vetmigo - Lediga tj\u00e4nster inom djursjukv\u00e5rd\" \/>\n<meta property=\"og:description\" content=\"S\u00f6k lediga jobb inom djursjukv\u00e5rden eller skicka in en spontanans\u00f6kan och bli matchad med framtida tj\u00e4nster.\" \/>\n<meta property=\"og:url\" content=\"https:\/\/vetmigo.se\/en\/lediga-jobb\/\" \/>\n<meta property=\"og:site_name\" content=\"Vetmigo\" \/>\n<meta property=\"article:modified_time\" content=\"2026-02-20T10:09:32+00:00\" \/>\n<meta property=\"og:image\" content=\"https:\/\/vetmigo.se\/wp-content\/uploads\/2025\/03\/Vetmigo-logo-utan-bg-e1741169441683.png\" \/>\n\t<meta property=\"og:image:width\" content=\"180\" \/>\n\t<meta property=\"og:image:height\" content=\"72\" \/>\n\t<meta property=\"og:image:type\" content=\"image\/png\" \/>\n<meta name=\"twitter:card\" content=\"summary_large_image\" \/>\n<meta name=\"twitter:label1\" content=\"Est. reading time\" \/>\n\t<meta name=\"twitter:data1\" content=\"2 minutes\" \/>\n<script type=\"application\/ld+json\" class=\"yoast-schema-graph\">{\"@context\":\"https:\\\/\\\/schema.org\",\"@graph\":[{\"@type\":\"WebPage\",\"@id\":\"https:\\\/\\\/vetmigo.se\\\/lediga-jobb\\\/\",\"url\":\"https:\\\/\\\/vetmigo.se\\\/lediga-jobb\\\/\",\"name\":\"Vetmigo - Lediga tj\u00e4nster inom djursjukv\u00e5rd\",\"isPartOf\":{\"@id\":\"https:\\\/\\\/vetmigo.se\\\/#website\"},\"primaryImageOfPage\":{\"@id\":\"https:\\\/\\\/vetmigo.se\\\/lediga-jobb\\\/#primaryimage\"},\"image\":{\"@id\":\"https:\\\/\\\/vetmigo.se\\\/lediga-jobb\\\/#primaryimage\"},\"thumbnailUrl\":\"https:\\\/\\\/vetmigo.se\\\/wp-content\\\/uploads\\\/2025\\\/03\\\/Vetmigo-logo-utan-bg-e1741169441683.png\",\"datePublished\":\"2025-04-30T07:33:18+00:00\",\"dateModified\":\"2026-02-20T10:09:32+00:00\",\"description\":\"S\u00f6k lediga jobb inom djursjukv\u00e5rden eller skicka in en spontanans\u00f6kan och bli matchad med framtida tj\u00e4nster.\",\"breadcrumb\":{\"@id\":\"https:\\\/\\\/vetmigo.se\\\/lediga-jobb\\\/#breadcrumb\"},\"inLanguage\":\"en-GB\",\"potentialAction\":[{\"@type\":\"ReadAction\",\"target\":[\"https:\\\/\\\/vetmigo.se\\\/lediga-jobb\\\/\"]}]},{\"@type\":\"ImageObject\",\"inLanguage\":\"en-GB\",\"@id\":\"https:\\\/\\\/vetmigo.se\\\/lediga-jobb\\\/#primaryimage\",\"url\":\"https:\\\/\\\/vetmigo.se\\\/wp-content\\\/uploads\\\/2025\\\/03\\\/Vetmigo-logo-utan-bg-e1741169441683.png\",\"contentUrl\":\"https:\\\/\\\/vetmigo.se\\\/wp-content\\\/uploads\\\/2025\\\/03\\\/Vetmigo-logo-utan-bg-e1741169441683.png\",\"width\":180,\"height\":72},{\"@type\":\"BreadcrumbList\",\"@id\":\"https:\\\/\\\/vetmigo.se\\\/lediga-jobb\\\/#breadcrumb\",\"itemListElement\":[{\"@type\":\"ListItem\",\"position\":1,\"name\":\"Home\",\"item\":\"https:\\\/\\\/vetmigo.se\\\/\"},{\"@type\":\"ListItem\",\"position\":2,\"name\":\"Lediga jobb\"}]},{\"@type\":\"WebSite\",\"@id\":\"https:\\\/\\\/vetmigo.se\\\/#website\",\"url\":\"https:\\\/\\\/vetmigo.se\\\/\",\"name\":\"Vetmigo\",\"description\":\"\",\"publisher\":{\"@id\":\"https:\\\/\\\/vetmigo.se\\\/#organization\"},\"potentialAction\":[{\"@type\":\"SearchAction\",\"target\":{\"@type\":\"EntryPoint\",\"urlTemplate\":\"https:\\\/\\\/vetmigo.se\\\/?s={search_term_string}\"},\"query-input\":{\"@type\":\"PropertyValueSpecification\",\"valueRequired\":true,\"valueName\":\"search_term_string\"}}],\"inLanguage\":\"en-GB\"},{\"@type\":\"Organization\",\"@id\":\"https:\\\/\\\/vetmigo.se\\\/#organization\",\"name\":\"Vetmigo\",\"url\":\"https:\\\/\\\/vetmigo.se\\\/\",\"logo\":{\"@type\":\"ImageObject\",\"inLanguage\":\"en-GB\",\"@id\":\"https:\\\/\\\/vetmigo.se\\\/#\\\/schema\\\/logo\\\/image\\\/\",\"url\":\"https:\\\/\\\/vetmigo.se\\\/wp-content\\\/uploads\\\/2025\\\/06\\\/Vetmigo-logo-ny-tag.png\",\"contentUrl\":\"https:\\\/\\\/vetmigo.se\\\/wp-content\\\/uploads\\\/2025\\\/06\\\/Vetmigo-logo-ny-tag.png\",\"width\":2000,\"height\":800,\"caption\":\"Vetmigo\"},\"image\":{\"@id\":\"https:\\\/\\\/vetmigo.se\\\/#\\\/schema\\\/logo\\\/image\\\/\"}}]}<\/script>\n<!-- \/ Yoast SEO plugin. -->","yoast_head_json":{"title":"Vetmigo - Lediga tj\u00e4nster inom djursjukv\u00e5rd","description":"S\u00f6k lediga jobb inom djursjukv\u00e5rden eller skicka in en spontanans\u00f6kan och bli matchad med framtida tj\u00e4nster.","robots":{"index":"index","follow":"follow","max-snippet":"max-snippet:-1","max-image-preview":"max-image-preview:large","max-video-preview":"max-video-preview:-1"},"canonical":"https:\/\/vetmigo.se\/en\/lediga-jobb\/","og_locale":"en_GB","og_type":"article","og_title":"Vetmigo - Lediga tj\u00e4nster inom djursjukv\u00e5rd","og_description":"S\u00f6k lediga jobb inom djursjukv\u00e5rden eller skicka in en spontanans\u00f6kan och bli matchad med framtida tj\u00e4nster.","og_url":"https:\/\/vetmigo.se\/en\/lediga-jobb\/","og_site_name":"Vetmigo","article_modified_time":"2026-02-20T10:09:32+00:00","og_image":[{"width":180,"height":72,"url":"https:\/\/vetmigo.se\/wp-content\/uploads\/2025\/03\/Vetmigo-logo-utan-bg-e1741169441683.png","type":"image\/png"}],"twitter_card":"summary_large_image","twitter_misc":{"Est. reading time":"2 minutes"},"schema":{"@context":"https:\/\/schema.org","@graph":[{"@type":"WebPage","@id":"https:\/\/vetmigo.se\/lediga-jobb\/","url":"https:\/\/vetmigo.se\/lediga-jobb\/","name":"Vetmigo - Lediga tj\u00e4nster inom djursjukv\u00e5rd","isPartOf":{"@id":"https:\/\/vetmigo.se\/#website"},"primaryImageOfPage":{"@id":"https:\/\/vetmigo.se\/lediga-jobb\/#primaryimage"},"image":{"@id":"https:\/\/vetmigo.se\/lediga-jobb\/#primaryimage"},"thumbnailUrl":"https:\/\/vetmigo.se\/wp-content\/uploads\/2025\/03\/Vetmigo-logo-utan-bg-e1741169441683.png","datePublished":"2025-04-30T07:33:18+00:00","dateModified":"2026-02-20T10:09:32+00:00","description":"S\u00f6k lediga jobb inom djursjukv\u00e5rden eller skicka in en spontanans\u00f6kan och bli matchad med framtida tj\u00e4nster.","breadcrumb":{"@id":"https:\/\/vetmigo.se\/lediga-jobb\/#breadcrumb"},"inLanguage":"en-GB","potentialAction":[{"@type":"ReadAction","target":["https:\/\/vetmigo.se\/lediga-jobb\/"]}]},{"@type":"ImageObject","inLanguage":"en-GB","@id":"https:\/\/vetmigo.se\/lediga-jobb\/#primaryimage","url":"https:\/\/vetmigo.se\/wp-content\/uploads\/2025\/03\/Vetmigo-logo-utan-bg-e1741169441683.png","contentUrl":"https:\/\/vetmigo.se\/wp-content\/uploads\/2025\/03\/Vetmigo-logo-utan-bg-e1741169441683.png","width":180,"height":72},{"@type":"BreadcrumbList","@id":"https:\/\/vetmigo.se\/lediga-jobb\/#breadcrumb","itemListElement":[{"@type":"ListItem","position":1,"name":"Home","item":"https:\/\/vetmigo.se\/"},{"@type":"ListItem","position":2,"name":"Lediga jobb"}]},{"@type":"WebSite","@id":"https:\/\/vetmigo.se\/#website","url":"https:\/\/vetmigo.se\/","name":"Vetmigo","description":"","publisher":{"@id":"https:\/\/vetmigo.se\/#organization"},"potentialAction":[{"@type":"SearchAction","target":{"@type":"EntryPoint","urlTemplate":"https:\/\/vetmigo.se\/?s={search_term_string}"},"query-input":{"@type":"PropertyValueSpecification","valueRequired":true,"valueName":"search_term_string"}}],"inLanguage":"en-GB"},{"@type":"Organization","@id":"https:\/\/vetmigo.se\/#organization","name":"Vetmigo","url":"https:\/\/vetmigo.se\/","logo":{"@type":"ImageObject","inLanguage":"en-GB","@id":"https:\/\/vetmigo.se\/#\/schema\/logo\/image\/","url":"https:\/\/vetmigo.se\/wp-content\/uploads\/2025\/06\/Vetmigo-logo-ny-tag.png","contentUrl":"https:\/\/vetmigo.se\/wp-content\/uploads\/2025\/06\/Vetmigo-logo-ny-tag.png","width":2000,"height":800,"caption":"Vetmigo"},"image":{"@id":"https:\/\/vetmigo.se\/#\/schema\/logo\/image\/"}}]}},"uagb_featured_image_src":{"full":["https:\/\/vetmigo.se\/wp-content\/uploads\/2025\/03\/Vetmigo-logo-utan-bg-e1741169441683.png",180,72,false],"thumbnail":["https:\/\/vetmigo.se\/wp-content\/uploads\/2025\/03\/Vetmigo-logo-utan-bg-150x150.png",150,150,true],"medium":["https:\/\/vetmigo.se\/wp-content\/uploads\/2025\/03\/Vetmigo-logo-utan-bg-300x120.png",300,120,true],"medium_large":["https:\/\/vetmigo.se\/wp-content\/uploads\/2025\/03\/Vetmigo-logo-utan-bg-768x307.png",768,307,true],"large":["https:\/\/vetmigo.se\/wp-content\/uploads\/2025\/03\/Vetmigo-logo-utan-bg-1024x410.png",1024,410,true],"1536x1536":["https:\/\/vetmigo.se\/wp-content\/uploads\/2025\/03\/Vetmigo-logo-utan-bg-1536x614.png",1536,614,true],"2048x2048":["https:\/\/vetmigo.se\/wp-content\/uploads\/2025\/03\/Vetmigo-logo-utan-bg-e1741169441683.png",180,72,false],"trp-custom-language-flag":["https:\/\/vetmigo.se\/wp-content\/uploads\/2025\/03\/Vetmigo-logo-utan-bg-e1741169441683.png",18,7,false],"ultp_layout_landscape_large":["https:\/\/vetmigo.se\/wp-content\/uploads\/2025\/03\/Vetmigo-logo-utan-bg-e1741169441683.png",180,72,false],"ultp_layout_landscape":["https:\/\/vetmigo.se\/wp-content\/uploads\/2025\/03\/Vetmigo-logo-utan-bg-e1741169441683.png",180,72,false],"ultp_layout_portrait":["https:\/\/vetmigo.se\/wp-content\/uploads\/2025\/03\/Vetmigo-logo-utan-bg-e1741169441683.png",180,72,false],"ultp_layout_square":["https:\/\/vetmigo.se\/wp-content\/uploads\/2025\/03\/Vetmigo-logo-utan-bg-e1741169441683.png",180,72,false]},"uagb_author_info":{"display_name":"andres@proudmedia.se","author_link":"https:\/\/vetmigo.se\/en\/author\/andresproudmedia-se\/"},"uagb_comment_info":0,"uagb_excerpt":"Lediga jobb Utforska karri\u00e4rm\u00f6jligheter hos oss Vi s\u00f6ker st\u00e4ndigt efter engagerade och kompetenta medarbetare som vill vara med och g\u00f6ra [&hellip;]","post_mailing_queue_ids":[],"_links":{"self":[{"href":"https:\/\/vetmigo.se\/en\/wp-json\/wp\/v2\/pages\/1527","targetHints":{"allow":["GET"]}}],"collection":[{"href":"https:\/\/vetmigo.se\/en\/wp-json\/wp\/v2\/pages"}],"about":[{"href":"https:\/\/vetmigo.se\/en\/wp-json\/wp\/v2\/types\/page"}],"author":[{"embeddable":true,"href":"https:\/\/vetmigo.se\/en\/wp-json\/wp\/v2\/users\/2"}],"replies":[{"embeddable":true,"href":"https:\/\/vetmigo.se\/en\/wp-json\/wp\/v2\/comments?post=1527"}],"version-history":[{"count":0,"href":"https:\/\/vetmigo.se\/en\/wp-json\/wp\/v2\/pages\/1527\/revisions"}],"wp:featuredmedia":[{"embeddable":true,"href":"https:\/\/vetmigo.se\/en\/wp-json\/wp\/v2\/media\/10"}],"wp:attachment":[{"href":"https:\/\/vetmigo.se\/en\/wp-json\/wp\/v2\/media?parent=1527"}],"curies":[{"name":"wp","href":"https:\/\/api.w.org\/{rel}","templated":true}]}}